{"id":4221,"date":"2021-02-17T18:38:01","date_gmt":"2021-02-17T18:38:01","guid":{"rendered":"https:\/\/www.hallmannholding.com\/?page_id=4221"},"modified":"2021-02-17T18:38:25","modified_gmt":"2021-02-17T18:38:25","slug":"impresszum","status":"publish","type":"page","link":"https:\/\/www.hallmannholding.com\/hu\/impresszum\/","title":{"rendered":"Impresszum"},"content":{"rendered":"<p>Impresszum<br \/>\nHALLMANN HOLDING International Investment GmbH<br \/>\n1010 B\u00e9cs<br \/>\nLichtenfelsgasse 1\/11<\/p>\n<p>T <a href=\"tel:04314097799\">+43 1 409 77 99-0<\/a><br \/>\nF <a href=\"tel:0431409779999\">+43 1 409 77 99-99<\/a><\/p>\n<p>C\u00e9gbejegyz\u00e9s FN 267096 p<br \/>\na B\u00e9csi C\u00e9gb\u00edr\u00f3s\u00e1gn\u00e1l<\/p>\n<p>A B\u00e9csi Gazdas\u00e1gi Kamara tagja:<br \/>\n<a href=\"https:\/\/bit.ly\/32vXFCC\">V\u00e1llalkoz\u00e1si adatok<\/a><br \/>\n<a href=\"https:\/\/www.hallmannholding.com\/hu\/adatvedelmi-nyilatkozat\/\">Jogi t\u00e1j\u00e9koztat\u00e1s<\/a><\/p>\n","protected":false},"excerpt":{"rendered":"<p>Impresszum HALLMANN HOLDING International Investment GmbH 1010 B\u00e9cs Lichtenfelsgasse 1\/11 T +43 1 409 77 99-0 F +43 1 409 77 99-99 C\u00e9gbejegyz\u00e9s FN 267096 p a B\u00e9csi C\u00e9gb\u00edr\u00f3s\u00e1gn\u00e1l A B\u00e9csi Gazdas\u00e1gi Kamara tagja: V\u00e1llalkoz\u00e1si adatok Jogi t\u00e1j\u00e9koztat\u00e1s<\/p>\n","protected":false},"author":1,"featured_media":0,"parent":0,"menu_order":5,"comment_status":"closed","ping_status":"closed","template":"","meta":{"_acf_changed":false,"footnotes":"","_wp_rev_ctl_limit":""},"class_list":["post-4221","page","type-page","status-publish","hentry"],"acf":[],"yoast_head":"<!-- This site is optimized with the Yoast SEO plugin v27.4 - https:\/\/yoast.com\/product\/yoast-seo-wordpress\/ -->\n<title>Impresszum - Hallmann Corporate Group<\/title>\n<meta name=\"robots\" content=\"index, follow, max-snippet:-1, max-image-preview:large, max-video-preview:-1\" \/>\n<link rel=\"canonical\" href=\"https:\/\/www.hallmannholding.com\/hu\/impresszum\/\" \/>\n<meta property=\"og:locale\" content=\"hu_HU\" \/>\n<meta property=\"og:type\" content=\"article\" \/>\n<meta property=\"og:title\" content=\"Impresszum - Hallmann Corporate Group\" \/>\n<meta property=\"og:description\" content=\"Impresszum HALLMANN HOLDING International Investment GmbH 1010 B\u00e9cs Lichtenfelsgasse 1\/11 T +43 1 409 77 99-0 F +43 1 409 77 99-99 C\u00e9gbejegyz\u00e9s FN 267096 p a B\u00e9csi C\u00e9gb\u00edr\u00f3s\u00e1gn\u00e1l A B\u00e9csi Gazdas\u00e1gi Kamara tagja: V\u00e1llalkoz\u00e1si adatok Jogi t\u00e1j\u00e9koztat\u00e1s\" \/>\n<meta property=\"og:url\" content=\"https:\/\/www.hallmannholding.com\/hu\/impresszum\/\" \/>\n<meta property=\"og:site_name\" content=\"Hallmann Corporate Group\" \/>\n<meta property=\"article:modified_time\" content=\"2021-02-17T18:38:25+00:00\" \/>\n<meta property=\"og:image\" content=\"https:\/\/www.hallmannholding.com\/wp-content\/uploads\/2019\/10\/hallmann_video-still_desktop.jpg\" \/>\n\t<meta property=\"og:image:width\" content=\"2500\" \/>\n\t<meta property=\"og:image:height\" content=\"1284\" \/>\n\t<meta property=\"og:image:type\" content=\"image\/jpeg\" \/>\n<meta name=\"twitter:card\" content=\"summary_large_image\" \/>\n<meta name=\"twitter:label1\" content=\"Becs\u00fclt olvas\u00e1si id\u0151\" \/>\n\t<meta name=\"twitter:data1\" content=\"1 perc\" \/>\n<script type=\"application\/ld+json\" class=\"yoast-schema-graph\">{\"@context\":\"https:\\\/\\\/schema.org\",\"@graph\":[{\"@type\":\"WebPage\",\"@id\":\"https:\\\/\\\/www.hallmannholding.com\\\/hu\\\/impresszum\\\/\",\"url\":\"https:\\\/\\\/www.hallmannholding.com\\\/hu\\\/impresszum\\\/\",\"name\":\"Impresszum - Hallmann Corporate Group\",\"isPartOf\":{\"@id\":\"https:\\\/\\\/www.hallmannholding.com\\\/#website\"},\"datePublished\":\"2021-02-17T18:38:01+00:00\",\"dateModified\":\"2021-02-17T18:38:25+00:00\",\"breadcrumb\":{\"@id\":\"https:\\\/\\\/www.hallmannholding.com\\\/hu\\\/impresszum\\\/#breadcrumb\"},\"inLanguage\":\"hu\",\"potentialAction\":[{\"@type\":\"ReadAction\",\"target\":[\"https:\\\/\\\/www.hallmannholding.com\\\/hu\\\/impresszum\\\/\"]}]},{\"@type\":\"BreadcrumbList\",\"@id\":\"https:\\\/\\\/www.hallmannholding.com\\\/hu\\\/impresszum\\\/#breadcrumb\",\"itemListElement\":[{\"@type\":\"ListItem\",\"position\":1,\"name\":\"Startseite\",\"item\":\"https:\\\/\\\/www.hallmannholding.com\\\/hu\\\/\"},{\"@type\":\"ListItem\",\"position\":2,\"name\":\"Impresszum\"}]},{\"@type\":\"WebSite\",\"@id\":\"https:\\\/\\\/www.hallmannholding.com\\\/#website\",\"url\":\"https:\\\/\\\/www.hallmannholding.com\\\/\",\"name\":\"Hallmann Corporate Group\",\"description\":\"\",\"publisher\":{\"@id\":\"https:\\\/\\\/www.hallmannholding.com\\\/#organization\"},\"potentialAction\":[{\"@type\":\"SearchAction\",\"target\":{\"@type\":\"EntryPoint\",\"urlTemplate\":\"https:\\\/\\\/www.hallmannholding.com\\\/?s={search_term_string}\"},\"query-input\":{\"@type\":\"PropertyValueSpecification\",\"valueRequired\":true,\"valueName\":\"search_term_string\"}}],\"inLanguage\":\"hu\"},{\"@type\":\"Organization\",\"@id\":\"https:\\\/\\\/www.hallmannholding.com\\\/#organization\",\"name\":\"Hallmann Corporate Group\",\"url\":\"https:\\\/\\\/www.hallmannholding.com\\\/\",\"logo\":{\"@type\":\"ImageObject\",\"inLanguage\":\"hu\",\"@id\":\"https:\\\/\\\/www.hallmannholding.com\\\/#\\\/schema\\\/logo\\\/image\\\/\",\"url\":\"https:\\\/\\\/www.hallmannholding.com\\\/wp-content\\\/uploads\\\/2019\\\/12\\\/hallmann_corporate_group.png\",\"contentUrl\":\"https:\\\/\\\/www.hallmannholding.com\\\/wp-content\\\/uploads\\\/2019\\\/12\\\/hallmann_corporate_group.png\",\"width\":454,\"height\":180,\"caption\":\"Hallmann Corporate Group\"},\"image\":{\"@id\":\"https:\\\/\\\/www.hallmannholding.com\\\/#\\\/schema\\\/logo\\\/image\\\/\"}}]}<\/script>\n<!-- \/ Yoast SEO plugin. -->","yoast_head_json":{"title":"Impresszum - Hallmann Corporate Group","robots":{"index":"index","follow":"follow","max-snippet":"max-snippet:-1","max-image-preview":"max-image-preview:large","max-video-preview":"max-video-preview:-1"},"canonical":"https:\/\/www.hallmannholding.com\/hu\/impresszum\/","og_locale":"hu_HU","og_type":"article","og_title":"Impresszum - Hallmann Corporate Group","og_description":"Impresszum HALLMANN HOLDING International Investment GmbH 1010 B\u00e9cs Lichtenfelsgasse 1\/11 T +43 1 409 77 99-0 F +43 1 409 77 99-99 C\u00e9gbejegyz\u00e9s FN 267096 p a B\u00e9csi C\u00e9gb\u00edr\u00f3s\u00e1gn\u00e1l A B\u00e9csi Gazdas\u00e1gi Kamara tagja: V\u00e1llalkoz\u00e1si adatok Jogi t\u00e1j\u00e9koztat\u00e1s","og_url":"https:\/\/www.hallmannholding.com\/hu\/impresszum\/","og_site_name":"Hallmann Corporate Group","article_modified_time":"2021-02-17T18:38:25+00:00","og_image":[{"width":2500,"height":1284,"url":"https:\/\/www.hallmannholding.com\/wp-content\/uploads\/2019\/10\/hallmann_video-still_desktop.jpg","type":"image\/jpeg"}],"twitter_card":"summary_large_image","twitter_misc":{"Becs\u00fclt olvas\u00e1si id\u0151":"1 perc"},"schema":{"@context":"https:\/\/schema.org","@graph":[{"@type":"WebPage","@id":"https:\/\/www.hallmannholding.com\/hu\/impresszum\/","url":"https:\/\/www.hallmannholding.com\/hu\/impresszum\/","name":"Impresszum - Hallmann Corporate Group","isPartOf":{"@id":"https:\/\/www.hallmannholding.com\/#website"},"datePublished":"2021-02-17T18:38:01+00:00","dateModified":"2021-02-17T18:38:25+00:00","breadcrumb":{"@id":"https:\/\/www.hallmannholding.com\/hu\/impresszum\/#breadcrumb"},"inLanguage":"hu","potentialAction":[{"@type":"ReadAction","target":["https:\/\/www.hallmannholding.com\/hu\/impresszum\/"]}]},{"@type":"BreadcrumbList","@id":"https:\/\/www.hallmannholding.com\/hu\/impresszum\/#breadcrumb","itemListElement":[{"@type":"ListItem","position":1,"name":"Startseite","item":"https:\/\/www.hallmannholding.com\/hu\/"},{"@type":"ListItem","position":2,"name":"Impresszum"}]},{"@type":"WebSite","@id":"https:\/\/www.hallmannholding.com\/#website","url":"https:\/\/www.hallmannholding.com\/","name":"Hallmann Corporate Group","description":"","publisher":{"@id":"https:\/\/www.hallmannholding.com\/#organization"},"potentialAction":[{"@type":"SearchAction","target":{"@type":"EntryPoint","urlTemplate":"https:\/\/www.hallmannholding.com\/?s={search_term_string}"},"query-input":{"@type":"PropertyValueSpecification","valueRequired":true,"valueName":"search_term_string"}}],"inLanguage":"hu"},{"@type":"Organization","@id":"https:\/\/www.hallmannholding.com\/#organization","name":"Hallmann Corporate Group","url":"https:\/\/www.hallmannholding.com\/","logo":{"@type":"ImageObject","inLanguage":"hu","@id":"https:\/\/www.hallmannholding.com\/#\/schema\/logo\/image\/","url":"https:\/\/www.hallmannholding.com\/wp-content\/uploads\/2019\/12\/hallmann_corporate_group.png","contentUrl":"https:\/\/www.hallmannholding.com\/wp-content\/uploads\/2019\/12\/hallmann_corporate_group.png","width":454,"height":180,"caption":"Hallmann Corporate Group"},"image":{"@id":"https:\/\/www.hallmannholding.com\/#\/schema\/logo\/image\/"}}]}},"_links":{"self":[{"href":"https:\/\/www.hallmannholding.com\/hu\/wp-json\/wp\/v2\/pages\/4221","targetHints":{"allow":["GET"]}}],"collection":[{"href":"https:\/\/www.hallmannholding.com\/hu\/wp-json\/wp\/v2\/pages"}],"about":[{"href":"https:\/\/www.hallmannholding.com\/hu\/wp-json\/wp\/v2\/types\/page"}],"author":[{"embeddable":true,"href":"https:\/\/www.hallmannholding.com\/hu\/wp-json\/wp\/v2\/users\/1"}],"replies":[{"embeddable":true,"href":"https:\/\/www.hallmannholding.com\/hu\/wp-json\/wp\/v2\/comments?post=4221"}],"version-history":[{"count":0,"href":"https:\/\/www.hallmannholding.com\/hu\/wp-json\/wp\/v2\/pages\/4221\/revisions"}],"wp:attachment":[{"href":"https:\/\/www.hallmannholding.com\/hu\/wp-json\/wp\/v2\/media?parent=4221"}],"curies":[{"name":"wp","href":"https:\/\/api.w.org\/{rel}","templated":true}]}}